{"id":9947,"date":"2024-02-20T09:58:59","date_gmt":"2024-02-20T08:58:59","guid":{"rendered":"https:\/\/lpg-umr6112.fr\/actualites-erc-promises\/"},"modified":"2024-09-19T13:56:22","modified_gmt":"2024-09-19T11:56:22","slug":"actualites-erc-promises","status":"publish","type":"page","link":"https:\/\/lpg-umr6112.fr\/en\/news-erc-promises\/","title":{"rendered":"News ERC Promises"},"content":{"rendered":"<div class=\"menu-erc-promises-project-container\"><ul id=\"menu-erc-promises-project\" class=\"menu\"><li id=\"menu-item-5969\" class=\"menu-item menu-item-type-post_type menu-item-object-page menu-item-5969\"><a href=\"https:\/\/lpg-umr6112.fr\/en\/erc-promises\/\">Presentation<\/a><\/li>\n<li id=\"menu-item-9955\" class=\"menu-item menu-item-type-post_type menu-item-object-page menu-item-9955\"><a href=\"https:\/\/lpg-umr6112.fr\/en\/news-erc-promises\/\">News ERC Promises<\/a><\/li>\n<li id=\"menu-item-5974\" class=\"menu-item menu-item-type-post_type menu-item-object-page menu-item-5974\"><a href=\"https:\/\/lpg-umr6112.fr\/en\/promises-team-vacancies\/\">Job offers<\/a><\/li>\n<li id=\"menu-item-6252\" class=\"menu-item menu-item-type-post_type menu-item-object-page menu-item-6252\"><a href=\"https:\/\/lpg-umr6112.fr\/en\/proposed-thesis-topic-in-2023\/\">Proposed thesis topic in 2023<\/a><\/li>\n<li id=\"menu-item-6244\" class=\"menu-item menu-item-type-post_type menu-item-object-page menu-item-6244\"><a href=\"https:\/\/lpg-umr6112.fr\/en\/publications-erc-promises-project\/\">Publications<\/a><\/li>\n<li id=\"menu-item-9956\" class=\"menu-item menu-item-type-post_type menu-item-object-page menu-item-9956\"><a href=\"https:\/\/lpg-umr6112.fr\/en\/outreach\/\">Outreach<\/a><\/li>\n<li id=\"menu-item-10607\" class=\"menu-item menu-item-type-custom menu-item-object-custom menu-item-10607\"><a href=\"https:\/\/gitlab.univ-nantes.fr\/promises\">Open data<\/a><\/li>\n<\/ul><\/div>\n\n\n\n<div class=\"wp-block-cover alignfull is-light\" style=\"min-height:683px;aspect-ratio:unset;\"><span aria-hidden=\"true\" class=\"wp-block-cover__background has-background-dim-100 has-background-dim\" style=\"background-color:#ffffff\"><\/span><div class=\"wp-block-cover__inner-container is-layout-flow wp-block-cover-is-layout-flow\">\n<div class=\"wp-block-media-text alignwide is-stacked-on-mobile is-vertically-aligned-center\" style=\"grid-template-columns:35% auto\"><figure class=\"wp-block-media-text__media\"><img loading=\"lazy\" decoding=\"async\" width=\"1024\" height=\"644\" src=\"https:\/\/lpg-umr6112.fr\/wp-content\/uploads\/2024\/09\/photo_portrait-2-1024x644.jpg\" alt=\"\" class=\"wp-image-13004 size-full\" srcset=\"https:\/\/lpg-umr6112.fr\/wp-content\/uploads\/2024\/09\/photo_portrait-2-1024x644.jpg 1024w, https:\/\/lpg-umr6112.fr\/wp-content\/uploads\/2024\/09\/photo_portrait-2-300x189.jpg 300w, https:\/\/lpg-umr6112.fr\/wp-content\/uploads\/2024\/09\/photo_portrait-2-768x483.jpg 768w, https:\/\/lpg-umr6112.fr\/wp-content\/uploads\/2024\/09\/photo_portrait-2-1536x966.jpg 1536w, https:\/\/lpg-umr6112.fr\/wp-content\/uploads\/2024\/09\/photo_portrait-2-2048x1288.jpg 2048w\" sizes=\"auto, (max-width: 1024px) 100vw, 1024px\" \/><\/figure><div class=\"wp-block-media-text__content\">\n\n\n<h2 class=\"wp-block-heading has-black-color has-text-color has-link-color wp-elements-c8b0d5476ae964ed7a3664317335bf89\" style=\"font-size:32px\"><strong>Portrait of a doctoral student : Pauline Leveque<\/strong><\/h2>\n\n\n\n<p class=\"has-text-color has-link-color wp-elements-2c509774ec76cdccdb74b73900305487\" style=\"color:#f6a25e;font-size:11px\">PUBLISHED ON MARCH 29TH, 2024<\/p>\n\n\n\n<p class=\"has-text-color\" style=\"color:#000000;font-size:14px\">Thesis: Experimental approach to the role and fate of primordial organic matter in the ice satellites of giant planets.<br\/>\nThis thesis is under the joint supervision of the CEISAM chemistry institute and the Planetology and Geosciences laboratory. Pauline admits that she appreciates this dual supervision: \u201cIt makes for really enriching interactions and allows us to mix two types of habits, in terms of experiments and ways of thinking&#8230;<br><\/p>\n\n\n\n<div class=\"wp-block-buttons is-layout-flex wp-block-buttons-is-layout-flex\">\n<div class=\"wp-block-button\" style=\"text-decoration:none\"><a class=\"wp-block-button__link has-white-color has-text-color has-background has-link-color wp-element-button\" href=\"https:\/\/lpg-umr6112.fr\/en\/portrait-of-a-doctoral-student-pauline-leveque\/\" style=\"background-color:#f6a25e\">Read more<\/a><\/div>\n<\/div>\n<\/div><\/div>\n\n\n\n<div style=\"height:10px\" aria-hidden=\"true\" class=\"wp-block-spacer\"><\/div>\n\n\n<p>&nbsp;<\/p><p>&nbsp;<\/p>\n\n<div class=\"wp-block-media-text alignwide is-stacked-on-mobile is-vertically-aligned-center\" style=\"grid-template-columns:35% auto\"><figure class=\"wp-block-media-text__media\"><img loading=\"lazy\" decoding=\"async\" width=\"4896\" height=\"3367\" src=\"https:\/\/lpg-umr6112.fr\/wp-content\/uploads\/2024\/09\/20230427_142532-01.jpg\" alt=\"\" class=\"wp-image-12998 size-full\"\/><\/figure><div class=\"wp-block-media-text__content\">\n\n\n<h2 class=\"wp-block-heading has-black-color has-text-color has-link-color wp-elements-8b60409d26323a6b6ff347d6d5d196f6\" style=\"font-size:32px\"><strong>Portrait of a doctoral student : Mathis Pinceloup<\/strong><\/h2>\n\n\n\n<p class=\"has-text-color has-link-color wp-elements-2f083672ec720a443f8b0d7fff71a7ae\" style=\"color:#f6a25e;font-size:11px\">PUBLISHED ON FEBRUARY 27TH, 2024<\/p>\n\n\n\n<p class=\"has-text-color\" style=\"color:#000000;font-size:14px\">Th\u00e8se : Les \u00e9coulements diphasiques au c\u0153ur de l\u2019histoire de Ganym\u00e8de.<br>Thesis: Two-phase flows at the heart of Ganymede&#8217;s history.<br>Back in Nantes, Mathis applied for and signed up for a thesis under the supervision of Christophe Sotin, University Professor at Nantes, and co-supervised by Ga\u00ebl Choblet, CNRS Research Director and Deputy Director of the LPG, St\u00e9phane Labrosse, Professor at the \u00c9cole Normale Sup\u00e9rieure de Lyon and Mathieu Bouffard&#8230;<br><\/p>\n\n\n\n<div class=\"wp-block-buttons is-layout-flex wp-block-buttons-is-layout-flex\">\n<div class=\"wp-block-button\" style=\"text-decoration:none\"><a class=\"wp-block-button__link has-white-color has-text-color has-background has-link-color wp-element-button\" href=\"https:\/\/lpg-umr6112.fr\/en\/portrait-of-a-doctoral-student-mathis-pinceloup\/\" style=\"background-color:#f6a25e\">Read more<\/a><\/div>\n<\/div>\n<\/div><\/div>\n\n\n\n<div style=\"height:10px\" aria-hidden=\"true\" class=\"wp-block-spacer\"><\/div>\n\n<p>&nbsp;<\/p><p>&nbsp;<\/p>\n\n<div class=\"wp-block-media-text alignwide is-stacked-on-mobile is-vertically-aligned-center\" style=\"grid-template-columns:35% auto\"><figure class=\"wp-block-media-text__media\"><img loading=\"lazy\" decoding=\"async\" width=\"1024\" height=\"620\" src=\"https:\/\/lpg-umr6112.fr\/wp-content\/uploads\/2024\/09\/WhatsApp-Image-2024-02-13-at-10.07.07-1-1024x620.jpeg\" alt=\"\" class=\"wp-image-13002 size-full\" srcset=\"https:\/\/lpg-umr6112.fr\/wp-content\/uploads\/2024\/09\/WhatsApp-Image-2024-02-13-at-10.07.07-1-1024x620.jpeg 1024w, https:\/\/lpg-umr6112.fr\/wp-content\/uploads\/2024\/09\/WhatsApp-Image-2024-02-13-at-10.07.07-1-300x182.jpeg 300w, https:\/\/lpg-umr6112.fr\/wp-content\/uploads\/2024\/09\/WhatsApp-Image-2024-02-13-at-10.07.07-1-768x465.jpeg 768w, https:\/\/lpg-umr6112.fr\/wp-content\/uploads\/2024\/09\/WhatsApp-Image-2024-02-13-at-10.07.07-1.jpeg 1152w\" sizes=\"auto, (max-width: 1024px) 100vw, 1024px\" \/><\/figure><div class=\"wp-block-media-text__content\">\n\n\n<h2 class=\"wp-block-heading has-black-color has-text-color has-link-color wp-elements-7feed793427dda2bef6d97c7f46e2bcd\" style=\"font-size:32px\"><strong>Portrait of a doctoral student : Camille Delarue<\/strong><\/h2>\n\n\n\n<p class=\"has-text-color has-link-color wp-elements-a7a7fd9f647308fd3bc1f23f9789ae16\" style=\"color:#f6a25e;font-size:11px\">PUBLISHED ON FEBRUARY 22ND, 2024<\/p>\n\n\n\n<p class=\"has-text-color\" style=\"color:#000000;font-size:14px\">Thesis: Experimental modeling of the evolution of terrestrial and extraterrestrial carbonaceous matter. <br>In October 2023, following her Master 2 internship, Camille will start her thesis at the Laboratoire de G\u00e9ologie de Lyon. This thesis is financed by the ENS de Lyon and supervised by the PHAST doctoral school in Lyon\u2026<br><\/p>\n\n\n\n<div class=\"wp-block-buttons is-layout-flex wp-block-buttons-is-layout-flex\">\n<div class=\"wp-block-button\" style=\"text-decoration:none\"><a class=\"wp-block-button__link has-white-color has-text-color has-background has-link-color wp-element-button\" href=\"https:\/\/lpg-umr6112.fr\/en\/portrait-of-a-doctoral-student-camille-delarue\/\" style=\"background-color:#f6a25e\">Read more<\/a><\/div>\n<\/div>\n<\/div><\/div>\n\n\n\n<div style=\"height:10px\" aria-hidden=\"true\" class=\"wp-block-spacer\"><\/div>\n\n<p>&nbsp;<\/p><p>&nbsp;<\/p>\n\n<div class=\"wp-block-media-text alignwide is-stacked-on-mobile is-vertically-aligned-center\" style=\"grid-template-columns:35% auto\"><figure class=\"wp-block-media-text__media\"><img loading=\"lazy\" decoding=\"async\" width=\"4800\" height=\"2453\" src=\"https:\/\/lpg-umr6112.fr\/wp-content\/uploads\/2024\/09\/DSC_1260.jpg\" alt=\"\" class=\"wp-image-12992 size-full\"\/><\/figure><div class=\"wp-block-media-text__content\">\n\n\n<h2 class=\"wp-block-heading has-black-color has-text-color has-link-color wp-elements-beb6fa8fe6111648af7e6d93c3277560\" style=\"font-size:32px\"><strong>A Raman spectrometer to study complex organic matter<\/strong><\/h2>\n\n\n\n<p class=\"has-text-color has-link-color wp-elements-bcc0c8e962467f8fd43a064859af1fb2\" style=\"color:#f6a25e;font-size:11px\">PUBLISHED ON FEBRUARY 20TH, 2024<\/p>\n\n\n\n<p class=\"has-text-color\" style=\"color:#000000;font-size:14px\">The Promises project aims to understand the role of complex organic matter interacting with water and high-pressure rocks in the conditions of the icy moons of Jupiter and Saturn. To answer this question experimentally&#8230;<\/p>\n\n\n\n<div class=\"wp-block-buttons is-layout-flex wp-block-buttons-is-layout-flex\">\n<div class=\"wp-block-button\" style=\"text-decoration:none\"><a class=\"wp-block-button__link has-white-color has-text-color has-background has-link-color wp-element-button\" href=\"https:\/\/lpg-umr6112.fr\/en\/a-raman-spectrometer-to-study-complex-organic-matter\/\" style=\"background-color:#f6a25e\">Read more<\/a><\/div>\n<\/div>\n<\/div><\/div>\n\n\n\n<div style=\"height:10px\" aria-hidden=\"true\" class=\"wp-block-spacer\"><\/div>\n<\/div><\/div>\n\n","protected":false},"excerpt":{"rendered":"","protected":false},"author":3,"featured_media":0,"parent":0,"menu_order":0,"comment_status":"closed","ping_status":"closed","template":"","meta":{"_acf_changed":false,"_price":"","_stock":"","_tribe_ticket_header":"","_tribe_default_ticket_provider":"","_tribe_ticket_capacity":"0","_ticket_start_date":"","_ticket_end_date":"","_tribe_ticket_show_description":"","_tribe_ticket_show_not_going":false,"_tribe_ticket_use_global_stock":"","_tribe_ticket_global_stock_level":"","_global_stock_mode":"","_global_stock_cap":"","_tribe_rsvp_for_event":"","_tribe_ticket_going_count":"","_tribe_ticket_not_going_count":"","_tribe_tickets_list":"[]","_tribe_ticket_has_attendee_info_fields":false,"footnotes":""},"coauthors":[96],"class_list":["post-9947","page","type-page","status-publish","hentry"],"acf":[],"_links":{"self":[{"href":"https:\/\/lpg-umr6112.fr\/en\/wp-json\/wp\/v2\/pages\/9947","targetHints":{"allow":["GET"]}}],"collection":[{"href":"https:\/\/lpg-umr6112.fr\/en\/wp-json\/wp\/v2\/pages"}],"about":[{"href":"https:\/\/lpg-umr6112.fr\/en\/wp-json\/wp\/v2\/types\/page"}],"author":[{"embeddable":true,"href":"https:\/\/lpg-umr6112.fr\/en\/wp-json\/wp\/v2\/users\/3"}],"replies":[{"embeddable":true,"href":"https:\/\/lpg-umr6112.fr\/en\/wp-json\/wp\/v2\/comments?post=9947"}],"version-history":[{"count":15,"href":"https:\/\/lpg-umr6112.fr\/en\/wp-json\/wp\/v2\/pages\/9947\/revisions"}],"predecessor-version":[{"id":13734,"href":"https:\/\/lpg-umr6112.fr\/en\/wp-json\/wp\/v2\/pages\/9947\/revisions\/13734"}],"wp:attachment":[{"href":"https:\/\/lpg-umr6112.fr\/en\/wp-json\/wp\/v2\/media?parent=9947"}],"wp:term":[{"taxonomy":"author","embeddable":true,"href":"https:\/\/lpg-umr6112.fr\/en\/wp-json\/wp\/v2\/coauthors?post=9947"}],"curies":[{"name":"wp","href":"https:\/\/api.w.org\/{rel}","templated":true}]}}