{"id":768,"date":"2022-08-02T10:27:01","date_gmt":"2022-08-02T08:27:01","guid":{"rendered":"https:\/\/lpg-umr6112.fr\/master-ecologie-environnement\/"},"modified":"2022-09-19T17:29:49","modified_gmt":"2022-09-19T15:29:49","slug":"master-ecologie-environnement","status":"publish","type":"page","link":"https:\/\/lpg-umr6112.fr\/en\/master-ecology-environment\/","title":{"rendered":"Master Ecology-Environment"},"content":{"rendered":"\n<p><em>Domain : Science, Technology, Health<\/em><br><em>Discipline : Life of Sciences<\/em><br><em>Mention : Ecology-Environment<\/em><br><em>Specialty : Wet, Continental and Coastal Areas: Ecology, Ecoengineering and Bioindicators<\/em><\/p>\n\n\n\n<h2 class=\"wp-block-heading\">Training leaders<\/h2>\n\n\n\n<ul class=\"wp-block-list\"><li><strong>MASTER 1<\/strong> : Maillet Gregoire &#8211; <a href=\"mailto:gregoire.maillet@univ-angers.fr\">gregoire.maillet@univ-angers.fr<\/a><\/li><li><strong>MASTER 2 Bio-indicateurs<\/strong> : Jorissen Frans &#8211; <a href=\"mailto:frans.jorissen@univ-angers.fr\">frans.jorissen@univ-angers.fr<\/a><\/li><li><strong>MASTER 2 Pr\u00e9histoire, Pal\u00e9ontologie, Pal\u00e9oenvironnement<\/strong> : Jorissen Frans &#8211; <a href=\"mailto:frans.jorissen@univ-angers.fr\">frans.jorissen@univ-angers.fr<\/a><\/li><\/ul>\n\n\n<div class=\"wp-block-image\">\n<figure class=\"aligncenter size-full\"><img loading=\"lazy\" decoding=\"async\" width=\"630\" height=\"258\" src=\"https:\/\/lpg-umr6112.fr\/wp-content\/uploads\/2022\/09\/mountain_2.jpg\" alt=\"\" class=\"wp-image-770\" srcset=\"https:\/\/lpg-umr6112.fr\/wp-content\/uploads\/2022\/09\/mountain_2.jpg 630w, https:\/\/lpg-umr6112.fr\/wp-content\/uploads\/2022\/09\/mountain_2-300x123.jpg 300w\" sizes=\"auto, (max-width: 630px) 100vw, 630px\" \/><\/figure><\/div>","protected":false},"excerpt":{"rendered":"<p>Domain : Science, Technology, HealthDiscipline : Life of SciencesMention : Ecology-EnvironmentSpecialty : Wet, Continental and Coastal Areas: Ecology, Ecoengineering and Bioindicators Training leaders MASTER 1 : Maillet Gregoire &#8211; gregoire.maillet@univ-angers.fr [&hellip;]<\/p>\n","protected":false},"author":1,"featured_media":0,"parent":0,"menu_order":0,"comment_status":"closed","ping_status":"closed","template":"","meta":{"_acf_changed":false,"_price":"","_stock":"","_tribe_ticket_header":"","_tribe_default_ticket_provider":"","_tribe_ticket_capacity":"0","_ticket_start_date":"","_ticket_end_date":"","_tribe_ticket_show_description":"","_tribe_ticket_show_not_going":false,"_tribe_ticket_use_global_stock":"","_tribe_ticket_global_stock_level":"","_global_stock_mode":"","_global_stock_cap":"","_tribe_rsvp_for_event":"","_tribe_ticket_going_count":"","_tribe_ticket_not_going_count":"","_tribe_tickets_list":"[]","_tribe_ticket_has_attendee_info_fields":false,"footnotes":""},"coauthors":[94],"class_list":["post-768","page","type-page","status-publish","hentry"],"acf":[],"_links":{"self":[{"href":"https:\/\/lpg-umr6112.fr\/en\/wp-json\/wp\/v2\/pages\/768","targetHints":{"allow":["GET"]}}],"collection":[{"href":"https:\/\/lpg-umr6112.fr\/en\/wp-json\/wp\/v2\/pages"}],"about":[{"href":"https:\/\/lpg-umr6112.fr\/en\/wp-json\/wp\/v2\/types\/page"}],"author":[{"embeddable":true,"href":"https:\/\/lpg-umr6112.fr\/en\/wp-json\/wp\/v2\/users\/1"}],"replies":[{"embeddable":true,"href":"https:\/\/lpg-umr6112.fr\/en\/wp-json\/wp\/v2\/comments?post=768"}],"version-history":[{"count":2,"href":"https:\/\/lpg-umr6112.fr\/en\/wp-json\/wp\/v2\/pages\/768\/revisions"}],"predecessor-version":[{"id":772,"href":"https:\/\/lpg-umr6112.fr\/en\/wp-json\/wp\/v2\/pages\/768\/revisions\/772"}],"wp:attachment":[{"href":"https:\/\/lpg-umr6112.fr\/en\/wp-json\/wp\/v2\/media?parent=768"}],"wp:term":[{"taxonomy":"author","embeddable":true,"href":"https:\/\/lpg-umr6112.fr\/en\/wp-json\/wp\/v2\/coauthors?post=768"}],"curies":[{"name":"wp","href":"https:\/\/api.w.org\/{rel}","templated":true}]}}