{"id":751,"date":"2022-08-02T10:23:05","date_gmt":"2022-08-02T08:23:05","guid":{"rendered":"https:\/\/lpg-umr6112.fr\/brevets-logiciels\/"},"modified":"2022-09-19T17:10:18","modified_gmt":"2022-09-19T15:10:18","slug":"brevets-logiciels","status":"publish","type":"page","link":"https:\/\/lpg-umr6112.fr\/en\/patentsoftware\/","title":{"rendered":"Patent\/Software"},"content":{"rendered":"\n<p>One of LPG&#8217;s missions is to promote its research work, i.e. to contribute to the transfer of knowledge to the socio-economic world. Supported by the valorization services of our supervisors and the SATT Ouest Valorisation, LPG ensures the transfer of skills, know-how, and intellectual protection of the results of researchers&#8217; work. You will find below a list of patents and software registered in recent years.<\/p>\n\n\n\n<h2 class=\"wp-block-heading\">Patent<\/h2>\n\n\n\n<ul class=\"wp-block-list\"><li>&#8220;Device for the synthesis and study of compounds under controlled temperatures and pressures&#8221; &#8211; Erwan Le Menn, Adriana Oancea, Gabriel Tobie, Olivier Grasset as part of the ERC Exowater, filed on December 4, 2014 &#8211; FR 14\/61933 &#8211; Patent specification sheet<\/li><\/ul>\n\n\n\n<h2 class=\"wp-block-heading\">Software<\/h2>\n\n\n\n<ul class=\"wp-block-list\"><li><strong><em>VR2Planets<\/em><\/strong>: St\u00e9phane Le Mou\u00e9lic and Fran\u00e7ois Civet (d\u00e9p\u00f4t 2014) <strong>IDDN.FR.001.500002.000.S.P.2015.000.10000<\/strong><br>This software is an application allowing real-time immersive 3D visualization of planetary surfaces reconstructed from satellite data. Data visualization is accessible on monitors, 3D video projectors or virtual reality headsets such as Oculus Rift.<\/li><li><strong><em>Homo3D<\/em><\/strong>: Yann Capdeville, CNRS (2015), Open data<br><strong>IDDN.FR.001.490015.000.S.P.2015.000.31235<\/strong><br>This software calculates the equivalent media for seismic wave propagation.<\/li><li><strong><em>En duplex de&#8230;<\/em><\/strong>: Eric Beucler, Guillaume Olympiade, Matthieu Le Corre and Olivier Borgard (2020)<br><strong>IDDN.FR.001.100006.000.S.P.2020.000.41000<\/strong><\/li><li><strong><em>Neemuds<\/em><\/strong>: Eric Beucler and Hakim Hadj-Jdilani\u00a0 (2020) <strong>IDDN.FR.001.280011.000.S.C.2020.000.31235<\/strong><br>Research applications to model the interior of Mars and also the Earth at different scales.<\/li><li><strong><em>Mushdynamics<\/em><\/strong>: Marine LASBLEIS (2020) &#8211; <strong>N\u00b013432-01<\/strong><\/li><\/ul>\n\n\n\n<h2 class=\"wp-block-heading\">Downloadable digital tools<\/h2>\n\n\n\n<ul class=\"wp-block-list\"><li><a href=\"https:\/\/lpg-umr6112.fr\/index.php?option=com_content&amp;view=article&amp;id=850:yann-capdeville-wave-propagation-codes&amp;catid=29:pages-personnelles\"><strong>Codes<\/strong><\/a> developed by Yann Capdeville as part of his research project on seismic wave propagation.<\/li><li><a href=\"https:\/\/lpg-umr6112.fr\/index.php?option=com_content&amp;view=article&amp;id=944&amp;lang=en\"><strong>Shape preferred Orientation<\/strong><\/a>developed by Patrick Launeau.<\/li><\/ul>\n","protected":false},"excerpt":{"rendered":"<p>One of LPG&#8217;s missions is to promote its research work, i.e. to contribute to the transfer of knowledge to the socio-economic world. Supported by the valorization services of our supervisors [&hellip;]<\/p>\n","protected":false},"author":1,"featured_media":0,"parent":0,"menu_order":0,"comment_status":"closed","ping_status":"closed","template":"","meta":{"_acf_changed":false,"_price":"","_stock":"","_tribe_ticket_header":"","_tribe_default_ticket_provider":"","_tribe_ticket_capacity":"0","_ticket_start_date":"","_ticket_end_date":"","_tribe_ticket_show_description":"","_tribe_ticket_show_not_going":false,"_tribe_ticket_use_global_stock":"","_tribe_ticket_global_stock_level":"","_global_stock_mode":"","_global_stock_cap":"","_tribe_rsvp_for_event":"","_tribe_ticket_going_count":"","_tribe_ticket_not_going_count":"","_tribe_tickets_list":"[]","_tribe_ticket_has_attendee_info_fields":false,"footnotes":""},"coauthors":[94],"class_list":["post-751","page","type-page","status-publish","hentry"],"acf":[],"_links":{"self":[{"href":"https:\/\/lpg-umr6112.fr\/en\/wp-json\/wp\/v2\/pages\/751","targetHints":{"allow":["GET"]}}],"collection":[{"href":"https:\/\/lpg-umr6112.fr\/en\/wp-json\/wp\/v2\/pages"}],"about":[{"href":"https:\/\/lpg-umr6112.fr\/en\/wp-json\/wp\/v2\/types\/page"}],"author":[{"embeddable":true,"href":"https:\/\/lpg-umr6112.fr\/en\/wp-json\/wp\/v2\/users\/1"}],"replies":[{"embeddable":true,"href":"https:\/\/lpg-umr6112.fr\/en\/wp-json\/wp\/v2\/comments?post=751"}],"version-history":[{"count":1,"href":"https:\/\/lpg-umr6112.fr\/en\/wp-json\/wp\/v2\/pages\/751\/revisions"}],"predecessor-version":[{"id":753,"href":"https:\/\/lpg-umr6112.fr\/en\/wp-json\/wp\/v2\/pages\/751\/revisions\/753"}],"wp:attachment":[{"href":"https:\/\/lpg-umr6112.fr\/en\/wp-json\/wp\/v2\/media?parent=751"}],"wp:term":[{"taxonomy":"author","embeddable":true,"href":"https:\/\/lpg-umr6112.fr\/en\/wp-json\/wp\/v2\/coauthors?post=751"}],"curies":[{"name":"wp","href":"https:\/\/api.w.org\/{rel}","templated":true}]}}