{"id":686,"date":"2022-08-02T09:55:19","date_gmt":"2022-08-02T07:55:19","guid":{"rendered":"https:\/\/lpg-umr6112.fr\/projet-80prime-emoi\/"},"modified":"2022-09-19T15:51:26","modified_gmt":"2022-09-19T13:51:26","slug":"projet-80prime-emoi","status":"publish","type":"page","link":"https:\/\/lpg-umr6112.fr\/en\/80-prime-emoi-project\/","title":{"rendered":"80|PRIME EMOI Project"},"content":{"rendered":"\n<p>It is only very recently that clues have been obtained, suggesting that <strong>a significant amount of insoluble organic matter was present in solar system objects<\/strong> sufficiently distant from the sun for water to be present in the form of ice (comets, ice satellites of giant planets).<\/p>\n\n\n\n<p><strong>Winners of the <a href=\"https:\/\/miti.cnrs.fr\/appel-projet\/80-prime-2019\/\">80 | PRIME call of the CNRS (MITI)<\/a><\/strong>, a team of the <strong>Laboratoire Chimie et Interdisciplinarit\u00e9 : Synth\u00e8se, Analyse, Mod\u00e9lisation<\/strong> of <strong>CEISAM<\/strong> and the <strong>Laboratoire de Plan\u00e9tologie et G\u00e9osciences<\/strong> coordinate the EMOI project (&#8220;Evolution de la Mati\u00e8re Organique Insoluble&#8221;). This research program, also conducted in partnership with the <strong>Centre de Recherches P\u00e9trographiques et G\u00e9ochimiques<\/strong>, aims to characterize the transformation of insoluble organic matter &#8220;model&#8221; in conditions mimicking those present inside the satellites of giant planets (Titan, Ganymede, Callisto).<\/p>\n\n\n<div class=\"wp-block-image\">\n<figure class=\"aligncenter size-full\"><img loading=\"lazy\" decoding=\"async\" width=\"600\" height=\"352\" src=\"https:\/\/lpg-umr6112.fr\/wp-content\/uploads\/2022\/08\/Figure_1.jpg\" alt=\"\" class=\"wp-image-308\" srcset=\"https:\/\/lpg-umr6112.fr\/wp-content\/uploads\/2022\/08\/Figure_1.jpg 600w, https:\/\/lpg-umr6112.fr\/wp-content\/uploads\/2022\/08\/Figure_1-300x176.jpg 300w\" sizes=\"auto, (max-width: 600px) 100vw, 600px\" \/><figcaption><em>Titan\u2019s interior structure. The rocky core is likely composed of hydrated silicates to account for the high value of the moment of inertia. It is overlaid by a hydrosphere that includes a deep salty ocean. \u00a9 <a href=\"https:\/\/www.annualreviews.org\/doi\/full\/10.1146\/annurev-earth-072920-052847#article-denial\"><strong>Titan\u2019s Interior Structure and Dynamics After the Cassini-Huygens Mission<\/strong><\/a>, <a href=\"https:\/\/lpg-umr6112.fr\/index.php?option=com_content&amp;view=article&amp;id=978:christophe-sotin&amp;catid=29:pages-personnelles\">Christophe Sotin<\/a>, Kl\u00e1ra Kalousov\u00e1 and <a href=\"https:\/\/lpg-umr6112.fr\/index.php?option=com_content&amp;view=article&amp;id=604:gabriel-tobie&amp;catid=29:pages-personnelles\">Gabriel Tobie<\/a>, Annual Review of Earth and Planetary Sciences, 2021.<\/em><\/figcaption><\/figure><\/div>\n\n\n<p>This consists in carrying out reactions between organic matter, water and hydrated silicates, in the presence or not of iron sulfides, in temperature and pressure ranges, from 100 to 600 \u00b0C and 0.01 to 5 GPa, respectively.<\/p>\n\n\n\n<p>The <strong>&#8220;Evolution of Insoluble Organic Matter&#8221; project<\/strong> aims to help in <strong>the understanding of outer solar system objects<\/strong>, by answering, in particular, two key questions:<\/p>\n\n\n\n<p>(1) can the destabilization of insoluble organic matter be at the origin of Titan&#8217;s atmosphere (N<sub>2<\/sub> and CH<sub>4<\/sub>) and can the contribution of CH<sub>4<\/sub> be sufficiently late, knowing that methane has a lifetime of a few tens of millions of years in the atmosphere where it disappears by photochemical degradation ?<\/p>\n\n\n\n<p>(2) Could molecules involved in the chemistry of life, and often considered as biosignatures, have been generated from the pyrolysis of insoluble organic matter, under abiotic conditions, calling into question the biosignature nature of these molecules ?<\/p>\n\n\n\n<p><strong>&gt; Bibliographic reference<\/strong> : <a href=\"https:\/\/www.annualreviews.org\/doi\/full\/10.1146\/annurev-earth-072920-052847#article-denial\"><strong>Titan\u2019s Interior Structure and Dynamics After the Cassini-Huygens Mission<\/strong><\/a>, <a href=\"https:\/\/lpg-umr6112.fr\/index.php?option=com_content&amp;view=article&amp;id=978:christophe-sotin&amp;catid=29:pages-personnelles\">Christophe Sotin<\/a>, Kl\u00e1ra Kalousov\u00e1 and <a href=\"https:\/\/lpg-umr6112.fr\/index.php?option=com_content&amp;view=article&amp;id=604:gabriel-tobie&amp;catid=29:pages-personnelles\">Gabriel Tobie<\/a>, Annual Review of Earth and Planetary Sciences, 2021.<\/p>\n\n\n\n<p><strong>&gt; Contact<\/strong> : <a href=\"https:\/\/lpg-umr6112.fr\/index.php?option=com_content&amp;view=article&amp;id=978:christophe-sotin&amp;catid=29:pages-personnelles\">Christophe Sotin<\/a>, Professor of Nantes University<\/p>\n","protected":false},"excerpt":{"rendered":"<p>It is only very recently that clues have been obtained, suggesting that a significant amount of insoluble organic matter was present in solar system objects sufficiently distant from the sun [&hellip;]<\/p>\n","protected":false},"author":1,"featured_media":0,"parent":0,"menu_order":0,"comment_status":"closed","ping_status":"closed","template":"","meta":{"_acf_changed":false,"_price":"","_stock":"","_tribe_ticket_header":"","_tribe_default_ticket_provider":"","_tribe_ticket_capacity":"0","_ticket_start_date":"","_ticket_end_date":"","_tribe_ticket_show_description":"","_tribe_ticket_show_not_going":false,"_tribe_ticket_use_global_stock":"","_tribe_ticket_global_stock_level":"","_global_stock_mode":"","_global_stock_cap":"","_tribe_rsvp_for_event":"","_tribe_ticket_going_count":"","_tribe_ticket_not_going_count":"","_tribe_tickets_list":"[]","_tribe_ticket_has_attendee_info_fields":false,"footnotes":""},"coauthors":[94],"class_list":["post-686","page","type-page","status-publish","hentry"],"acf":[],"_links":{"self":[{"href":"https:\/\/lpg-umr6112.fr\/en\/wp-json\/wp\/v2\/pages\/686","targetHints":{"allow":["GET"]}}],"collection":[{"href":"https:\/\/lpg-umr6112.fr\/en\/wp-json\/wp\/v2\/pages"}],"about":[{"href":"https:\/\/lpg-umr6112.fr\/en\/wp-json\/wp\/v2\/types\/page"}],"author":[{"embeddable":true,"href":"https:\/\/lpg-umr6112.fr\/en\/wp-json\/wp\/v2\/users\/1"}],"replies":[{"embeddable":true,"href":"https:\/\/lpg-umr6112.fr\/en\/wp-json\/wp\/v2\/comments?post=686"}],"version-history":[{"count":1,"href":"https:\/\/lpg-umr6112.fr\/en\/wp-json\/wp\/v2\/pages\/686\/revisions"}],"predecessor-version":[{"id":687,"href":"https:\/\/lpg-umr6112.fr\/en\/wp-json\/wp\/v2\/pages\/686\/revisions\/687"}],"wp:attachment":[{"href":"https:\/\/lpg-umr6112.fr\/en\/wp-json\/wp\/v2\/media?parent=686"}],"wp:term":[{"taxonomy":"author","embeddable":true,"href":"https:\/\/lpg-umr6112.fr\/en\/wp-json\/wp\/v2\/coauthors?post=686"}],"curies":[{"name":"wp","href":"https:\/\/api.w.org\/{rel}","templated":true}]}}