{"id":636,"date":"2022-08-02T09:53:06","date_gmt":"2022-08-02T07:53:06","guid":{"rendered":"https:\/\/lpg-umr6112.fr\/theme-systemes-littoraux-et-marins\/"},"modified":"2022-09-19T15:13:45","modified_gmt":"2022-09-19T13:13:45","slug":"theme-systemes-littoraux-et-marins","status":"publish","type":"page","link":"https:\/\/lpg-umr6112.fr\/en\/coastal-and-marine-systems\/","title":{"rendered":"Coastal and marine systems"},"content":{"rendered":"\n<p>Research on the <strong>Environment, Paleo-Environment, and Bio-Indicators<\/strong> of the laboratory UMR 6112 includes a wide range of projects on the <strong>functioning of Modern Marine Ecosystems<\/strong>,<br><strong>Paleoceanography<\/strong>, and <strong>processes on a Land-to-Sea Continuum<\/strong>.<\/p>\n\n\n\n<h2 class=\"wp-block-heading\">Modern Marine Ecosystems<\/h2>\n\n\n\n<p>Our projects focus on <strong>modern benthic and planktic marine ecosystems<\/strong>, and a <strong>better understanding of the formation of fossil assemblages<\/strong>. Analyses of planktic foraminifer production, ecology, and particle fluxes in the water column are targeted towards <strong>quantification of the transfer of carbon<\/strong> (e.g., CO<sub>2<\/sub> budget) from the surface to the deep ocean (biological carbon pump). Ecological studies of <strong>benthic foraminifer assemblages focus on high-productivity and low-oxygen conditions<\/strong> as, for example, upwelling areas, submarine canyons, eutrophic shelf seas. In those areas we analyse and quantify 1) the flux of organic matter to the sea floor, 2) bottom water oxygenation, 3) redox conditions in surface sediments, and the 4) temporal variability of sea floor environments. Sub- and anoxic ecosystems are analyzed using in-situ and laboratory experiments, with the aim to obtain a more complete understanding of the role of foraminifers in biogeochemical cycles, in particular the nitrate cycle.<\/p>\n\n\n\n<h2 class=\"wp-block-heading\">Paleoceanography<\/h2>\n\n\n\n<p>Our projects in paleoceanography focus on both the <strong>development and calibration of novel proxies, and their application in reconstructing the late Quaternary paleoenvironment<\/strong>. We conduct multiproxy studies combining biological, biogeochemical, and sedimentological analyses. Our projects particularly focus on quantitative paleoceanographic reconstructions by <strong>analyzing biogenic carbonates including benthic and planktic foraminifer, deep water corals, and marine bivalves<\/strong>. Our approach to develop <strong>new proxies<\/strong> is highly original, and combines 1) culturing experiments (foraminifers), 2) automated image analysis, and 3) LA-ICP-MS analyses of element ratios (metal\/Ca ratios) of biogenic carbonates. Our integrated approaches are targeted to improve the calibration of paleoceanographic proxies (e.g., temperature, salinity, productivity, oxygen, and carbonate budgets).<\/p>\n\n\n\n<h2 class=\"wp-block-heading\">Land-to-Sea Continuum<\/h2>\n\n\n\n<p>Our work on exchange processes on the land-to-sea continuum focuses at improving the understanding of catchment areas and estuaries, <strong>including transfer of chemical and particulate matter from the continent to the ocean<\/strong>. We conduct <strong>multidisciplinary projects<\/strong> in a wide variety of environments from urban areas, agricultural and mining areas, to coastal and fully marine environments. Our research aims at <strong>measuring and understanding the mechanisms, which control the transfer of chemical elements and nutrients (e.g., C, N, P, Fe), as well as metal contaminants (e.g., Cu, Pb)<\/strong>. We aim to <strong>better understand the interactions between soils and plants, cities and rivers, rivers and oceans<\/strong>, as well as the relationships between bacteria and plants, microphytobenthos and meiofauna. <strong>Pollution management of soils and sediments<\/strong> is approached through <strong>bioremediation \/ phytoremediation<\/strong>. <strong>New methodologies of remote sensing (LIDAR) and seismics focus<\/strong> on sediment dynamics in rivers and along the coast to assess risks like submersion and inundation. <strong>Impacts of human activity<\/strong> on marine and coastal systems as eutrophication, ocean acidification, and pollution (e.g., sewage outlets, and offshore oil rigs) are studied by means of bioindicator species.<\/p>\n\n\n\n<hr class=\"wp-block-separator has-alpha-channel-opacity\"\/>\n\n\n\n<p><strong>Details of themes<\/strong> : <a href=\"https:\/\/lpg-umr6112.fr\/lpg\/fichiers\/EPEBI\/1%20Open%20marine%20ecosystems_web.pdf\">Open Marine Benthic ecosystems<\/a> &#8211; <a href=\"https:\/\/lpg-umr6112.fr\/lpg\/fichiers\/EPEBI\/2%20foram%20metabolism_web.pdf\">Foraminiferal metabolism and its role in geochemical processes<\/a> &#8211; <a href=\"https:\/\/lpg-umr6112.fr\/lpg\/fichiers\/EPEBI\/3%20Planktic%20foram%20ecology_web.pdf\">Planktic foraminifera ecology in marginal basins<\/a> &#8211; <a href=\"https:\/\/lpg-umr6112.fr\/lpg\/fichiers\/EPEBI\/4%20biomasse%20et%20OA_web.pdf\">Foraminifers as proxy of the marine carbon cycle and ocean acidification<\/a> &#8211; <a href=\"https:\/\/lpg-umr6112.fr\/lpg\/fichiers\/EPEBI\/5%20paleoceanogrpahical%20proxies_web.pdf\">Paleoceanographical Proxies<\/a> &#8211; <a href=\"https:\/\/lpg-umr6112.fr\/lpg\/fichiers\/EPEBI\/6%20Holocene_web.pdf\">Holocene climate variability _ a marine perspective<\/a> &#8211; <a href=\"https:\/\/lpg-umr6112.fr\/lpg\/fichiers\/EPEBI\/7%20Pleistocene_web.pdf\">Pleistocene climate variability _ marine perspective<\/a> &#8211; <a href=\"https:\/\/lpg-umr6112.fr\/lpg\/fichiers\/EPEBI\/8%20sols%20pollues_web.pdf\">Zone critique: sols pollu\u00e9s et rem\u00e9diation<\/a> &#8211; <a href=\"https:\/\/lpg-umr6112.fr\/lpg\/fichiers\/EPEBI\/9%20trait%20de%20cote_web.pdf\">Trait de c\u00f4te et al\u00e9a submersion marines<\/a> &#8211; <a href=\"https:\/\/lpg-umr6112.fr\/lpg\/fichiers\/EPEBI\/10%20minraux_web.pdf\">Min\u00e9raux environnementaux: rem\u00e9diation et diss\u00e9mination<\/a> &#8211; <a href=\"https:\/\/lpg-umr6112.fr\/lpg\/fichiers\/EPEBI\/11%20estuaires_web.pdf\">Estuaries, deltas and underground estuaries: Continent-ocean transfer<\/a> &#8211; <a href=\"https:\/\/lpg-umr6112.fr\/lpg\/fichiers\/EPEBI\/12%20anthropogenic%20impacts_web.pdf\">Anthropogenic impact on mudflats, Iagoons and mangroves<\/a> &#8211; <a href=\"https:\/\/lpg-umr6112.fr\/lpg\/fichiers\/EPEBI\/13%20hypoxies_web.pdf\">Hypoxia and anoxia on continental shelves<\/a> &#8211; <a href=\"https:\/\/lpg-umr6112.fr\/lpg\/fichiers\/EPEBI\/14%20biomonitoring_web.pdf\">Environmental biomonitoring using benthic foraminiferal faunas<\/a> &#8211; <a href=\"https:\/\/lpg-umr6112.fr\/lpg\/fichiers\/EPEBI\/15%20tldtection%20MPB_web.pdf\">T\u00e9l\u00e9d\u00e9tection hyperspectrale du microphytobenthos<\/a> &#8211; <a href=\"https:\/\/lpg-umr6112.fr\/lpg\/fichiers\/EPEBI\/16%20Strullu-Derrien_web.pdf\">Plants and their interactions with microorganisms in early terrestrial environments<\/a><\/p>\n","protected":false},"excerpt":{"rendered":"<p>Research on the Environment, Paleo-Environment, and Bio-Indicators of the laboratory UMR 6112 includes a wide range of projects on the functioning of Modern Marine Ecosystems,Paleoceanography, and processes on a Land-to-Sea [&hellip;]<\/p>\n","protected":false},"author":1,"featured_media":0,"parent":0,"menu_order":0,"comment_status":"closed","ping_status":"closed","template":"","meta":{"_acf_changed":false,"_price":"","_stock":"","_tribe_ticket_header":"","_tribe_default_ticket_provider":"","_tribe_ticket_capacity":"0","_ticket_start_date":"","_ticket_end_date":"","_tribe_ticket_show_description":"","_tribe_ticket_show_not_going":false,"_tribe_ticket_use_global_stock":"","_tribe_ticket_global_stock_level":"","_global_stock_mode":"","_global_stock_cap":"","_tribe_rsvp_for_event":"","_tribe_ticket_going_count":"","_tribe_ticket_not_going_count":"","_tribe_tickets_list":"[]","_tribe_ticket_has_attendee_info_fields":false,"footnotes":""},"coauthors":[94],"class_list":["post-636","page","type-page","status-publish","hentry"],"acf":[],"_links":{"self":[{"href":"https:\/\/lpg-umr6112.fr\/en\/wp-json\/wp\/v2\/pages\/636","targetHints":{"allow":["GET"]}}],"collection":[{"href":"https:\/\/lpg-umr6112.fr\/en\/wp-json\/wp\/v2\/pages"}],"about":[{"href":"https:\/\/lpg-umr6112.fr\/en\/wp-json\/wp\/v2\/types\/page"}],"author":[{"embeddable":true,"href":"https:\/\/lpg-umr6112.fr\/en\/wp-json\/wp\/v2\/users\/1"}],"replies":[{"embeddable":true,"href":"https:\/\/lpg-umr6112.fr\/en\/wp-json\/wp\/v2\/comments?post=636"}],"version-history":[{"count":2,"href":"https:\/\/lpg-umr6112.fr\/en\/wp-json\/wp\/v2\/pages\/636\/revisions"}],"predecessor-version":[{"id":639,"href":"https:\/\/lpg-umr6112.fr\/en\/wp-json\/wp\/v2\/pages\/636\/revisions\/639"}],"wp:attachment":[{"href":"https:\/\/lpg-umr6112.fr\/en\/wp-json\/wp\/v2\/media?parent=636"}],"wp:term":[{"taxonomy":"author","embeddable":true,"href":"https:\/\/lpg-umr6112.fr\/en\/wp-json\/wp\/v2\/coauthors?post=636"}],"curies":[{"name":"wp","href":"https:\/\/api.w.org\/{rel}","templated":true}]}}