{"id":634,"date":"2022-08-02T09:52:30","date_gmt":"2022-08-02T07:52:30","guid":{"rendered":"https:\/\/lpg-umr6112.fr\/annuaire\/"},"modified":"2023-04-17T16:23:16","modified_gmt":"2023-04-17T14:23:16","slug":"annuaire","status":"publish","type":"page","link":"https:\/\/lpg-umr6112.fr\/en\/directory\/","title":{"rendered":"Directory"},"content":{"rendered":"\n<div class=\"facetwp-facet facetwp-facet-annuaire_alpha facetwp-type-fselect\" data-name=\"annuaire_alpha\" data-type=\"fselect\"><\/div>\n\n\n\n<div class=\"facetwp-facet facetwp-facet-domaines facetwp-type-fselect\" data-name=\"domaines\" data-type=\"fselect\"><\/div>\n\n\n\n<div class=\"facetwp-facet facetwp-facet-sites facetwp-type-fselect\" data-name=\"sites\" data-type=\"fselect\"><\/div>\n\n\n\n<div class=\"facetwp-template\" data-name=\"annuaire\"><table class=\"annuaireContainer\"><tr><td class=\"trombi\"><\/td><td>Agusta Vera<\/td><td>Doctorante<\/td><td><a href=\"https:\/\/lpg-umr6112.fr\/en\/coastal-and-marine-systems\/\">Syst\u00e8mes littoraux et marins<\/a><\/td><td><a href=\"mailto:vera&#045;c&#104;&#114;is&#116;&#097;&#110;t&#105;&#046;ag&#117;s&#116;&#097;&#064;&#101;tu&#046;univ-nante&#115;.fr\">&#118;&#101;&#114;&#97;-ch&#114;i&#115;t&#97;&#110;&#116;&#105;.a&#103;&#117;sta&#64;e&#116;u.univ&#45;&#110;a&#110;te&#115;.fr<\/a><\/td><td><\/td><td><a href=\"https:\/\/lpg-umr6112.fr\/en\/member\/agusta-vera\/\">+ Plus<\/a><\/td><\/tr><tr><td class=\"trombi\"><img decoding=\"async\" src=\"https:\/\/lpg-umr6112.fr\/wp-content\/uploads\/2023\/04\/amit-h.jpg\"><\/td><td>Amit Hagay<\/td><td>Directeur de Recherche CNRS<\/td><td><a href=\"https:\/\/lpg-umr6112.fr\/en\/earth\/\">Terre<\/a>, <a href=\"https:\/\/lpg-umr6112.fr\/en\/planets-and-moons\/\">Plan\u00e8tes et lunes<\/a><\/td><td><a href=\"mailto:&#104;&#097;&#103;a&#121;&#046;am&#105;&#116;&#064;&#117;n&#105;v&#045;n&#097;&#110;te&#115;&#046;fr\">&#104;&#97;g&#97;y&#46;&#97;m&#105;&#116;&#64;&#117;&#110;iv&#45;&#110;ant&#101;s&#46;fr<\/a><\/td><td>02 51 12 55 68<\/td><td><a href=\"https:\/\/lpg-umr6112.fr\/en\/member\/amit-hagay\/\">+ Plus<\/a><\/td><\/tr><tr><td class=\"trombi\"><img decoding=\"async\" src=\"https:\/\/lpg-umr6112.fr\/wp-content\/uploads\/2024\/12\/model_lpg_3.1.png\"><\/td><td>Andr\u00e9 Valentin<\/td><td>Doctorant<\/td><td><a href=\"https:\/\/lpg-umr6112.fr\/en\/planets-and-moons\/\">Plan\u00e8tes et lunes<\/a><\/td><td><a href=\"mailto:va&#108;e&#110;ti&#110;&#046;&#097;&#110;&#100;r&#101;2&#064;univ&#045;nante&#115;&#046;&#102;r\">&#118;a&#108;en&#116;i&#110;.&#97;&#110;d&#114;&#101;&#50;&#64;&#117;niv&#45;&#110;a&#110;tes.&#102;&#114;<\/a><\/td><td><\/td><td><a href=\"https:\/\/lpg-umr6112.fr\/en\/member\/andre-valentin\/\">+ Plus<\/a><\/td><\/tr><tr><td class=\"trombi\"><img decoding=\"async\" src=\"https:\/\/lpg-umr6112.fr\/wp-content\/uploads\/2023\/04\/vansan.jpg\"><\/td><td>Ansan V\u00e9ronique<\/td><td>Ma\u00eetresse de Conf\u00e9rences<\/td><td><a href=\"https:\/\/lpg-umr6112.fr\/en\/planets-and-moons\/\">Plan\u00e8tes et lunes<\/a><\/td><td><a href=\"mailto:v&#101;r&#111;ni&#113;u&#101;&#046;a&#110;&#115;&#097;n&#064;un&#105;&#118;-n&#097;nt&#101;s.&#102;r\">ve&#114;&#111;&#110;iq&#117;&#101;&#46;&#97;ns&#97;&#110;&#64;u&#110;&#105;&#118;&#45;na&#110;tes&#46;fr<\/a><\/td><td>02 51 12 54 97<\/td><td><a href=\"https:\/\/lpg-umr6112.fr\/en\/member\/ansan-veronique\/\">+ Plus<\/a><\/td><\/tr><tr><td class=\"trombi\"><img decoding=\"async\" src=\"https:\/\/lpg-umr6112.fr\/wp-content\/uploads\/2024\/10\/Photo-Christine-2024_1-scaled.jpg\"><\/td><td>Barras Christine<\/td><td>Ing\u00e9nieure de Recherche<\/td><td><a href=\"https:\/\/lpg-umr6112.fr\/en\/coastal-and-marine-systems\/\">Syst\u00e8mes littoraux et marins<\/a><\/td><td><a href=\"mailto:chri&#115;&#116;in&#101;.&#098;ar&#114;as&#064;un&#105;v-a&#110;&#103;&#101;rs&#046;fr\">c&#104;ristin&#101;&#46;&#98;a&#114;&#114;&#97;&#115;&#64;uni&#118;-&#97;&#110;&#103;e&#114;s.f&#114;<\/a><\/td><td>02 41 73 50 02<\/td><td><a href=\"https:\/\/lpg-umr6112.fr\/en\/member\/barras-christine\/\">+ Plus<\/a><\/td><\/tr><tr><td class=\"trombi\"><img decoding=\"async\" src=\"https:\/\/lpg-umr6112.fr\/wp-content\/uploads\/2022\/09\/stephanie_beaunay.jpg\"><\/td><td>Beaunay St\u00e9phanie<\/td><td>Responsable m\u00e9diation scientifique &amp; communication<\/td><td>Services communs<\/td><td><a href=\"mailto:stepha&#110;&#105;e&#046;&#098;e&#097;&#117;&#110;&#097;&#121;&#064;un&#105;&#118;-&#110;&#097;&#110;tes&#046;&#102;&#114;\">&#115;&#116;e&#112;&#104;a&#110;&#105;e.be&#97;u&#110;&#97;y&#64;&#117;&#110;i&#118;-na&#110;tes.fr<\/a><\/td><td>02 51 12 52 67<\/td><td><a href=\"https:\/\/lpg-umr6112.fr\/en\/member\/beaunay-stephanie\/\">+ Plus<\/a><\/td><\/tr><tr><td class=\"trombi\"><\/td><td>Belissa Victor<\/td><td>Doctorant<\/td><td><a href=\"https:\/\/lpg-umr6112.fr\/en\/planets-and-moons\/\">Plan\u00e8tes et lunes<\/a><\/td><td><a href=\"mailto:v&#105;c&#116;&#111;&#114;.b&#101;&#108;i&#115;s&#097;&#064;&#117;n&#105;v&#045;n&#097;n&#116;&#101;s&#046;fr\">&#118;i&#99;t&#111;&#114;&#46;&#98;&#101;l&#105;&#115;s&#97;&#64;univ-na&#110;te&#115;.f&#114;<\/a><\/td><td><\/td><td><a href=\"https:\/\/lpg-umr6112.fr\/en\/member\/belissa-victor\/\">+ Plus<\/a><\/td><\/tr><tr><td class=\"trombi\"><\/td><td>B\u00e9n\u00e9teau \u00c9ric<\/td><td>Assistant Ing\u00e9nieur<\/td><td><a href=\"https:\/\/lpg-umr6112.fr\/en\/coastal-and-marine-systems\/\">Syst\u00e8mes littoraux et marins<\/a><\/td><td><a href=\"mailto:&#101;&#114;&#105;&#099;.&#098;e&#110;eteau&#064;&#117;n&#105;v&#045;anger&#115;&#046;f&#114;\">&#101;&#114;&#105;c.&#98;&#101;ne&#116;eau&#64;u&#110;i&#118;-a&#110;&#103;&#101;&#114;s.&#102;r<\/a><\/td><td>02 41 73 53 71<\/td><td><a href=\"https:\/\/lpg-umr6112.fr\/en\/member\/beneteau-eric\/\">+ Plus<\/a><\/td><\/tr><tr><td class=\"trombi\"><\/td><td>Bertrand Tanguy<\/td><td>Chercheur contractuel<\/td><td><a href=\"https:\/\/lpg-umr6112.fr\/en\/planets-and-moons\/\">Plan\u00e8tes et lunes<\/a><\/td><td><a href=\"mailto:t&#097;n&#103;u&#121;&#046;&#098;&#101;rtran&#100;&#064;&#117;&#110;i&#118;-na&#110;te&#115;&#046;fr\">&#116;&#97;ngu&#121;&#46;&#98;&#101;r&#116;&#114;a&#110;&#100;&#64;uni&#118;&#45;na&#110;t&#101;s.&#102;&#114;<\/a><\/td><td><\/td><td><a href=\"https:\/\/lpg-umr6112.fr\/en\/member\/bertrand-tanguy\/\">+ Plus<\/a><\/td><\/tr><tr><td class=\"trombi\"><img decoding=\"async\" src=\"https:\/\/lpg-umr6112.fr\/wp-content\/uploads\/2024\/07\/paul_bessin.jpg\"><\/td><td>Bessin Paul<\/td><td>Ma\u00eetre de Conf\u00e9rences<\/td><td><a href=\"https:\/\/lpg-umr6112.fr\/en\/earth\/\">Terre<\/a><\/td><td><a href=\"mailto:pau&#108;&#046;b&#101;ssin&#064;un&#105;v&#045;&#108;&#101;mans&#046;&#102;&#114;\">&#112;&#97;ul.&#98;es&#115;in&#64;&#117;&#110;&#105;&#118;&#45;&#108;&#101;m&#97;&#110;s.&#102;&#114;<\/a><\/td><td>02 43 83 32 36<\/td><td><a href=\"https:\/\/lpg-umr6112.fr\/en\/member\/bessin-paul\/\">+ Plus<\/a><\/td><\/tr><\/table><\/div>\n\n\n\n<div class=\"facetwp-facet facetwp-facet-pagination facetwp-type-pager\" data-name=\"pagination\" data-type=\"pager\"><\/div>\n\n\n\n<p><\/p>\n","protected":false},"excerpt":{"rendered":"","protected":false},"author":1,"featured_media":0,"parent":0,"menu_order":0,"comment_status":"closed","ping_status":"closed","template":"","meta":{"_acf_changed":false,"_price":"","_stock":"","_tribe_ticket_header":"","_tribe_default_ticket_provider":"","_tribe_ticket_capacity":"0","_ticket_start_date":"","_ticket_end_date":"","_tribe_ticket_show_description":"","_tribe_ticket_show_not_going":false,"_tribe_ticket_use_global_stock":"","_tribe_ticket_global_stock_level":"","_global_stock_mode":"","_global_stock_cap":"","_tribe_rsvp_for_event":"","_tribe_ticket_going_count":"","_tribe_ticket_not_going_count":"","_tribe_tickets_list":"[]","_tribe_ticket_has_attendee_info_fields":false,"footnotes":""},"coauthors":[94],"class_list":["post-634","page","type-page","status-publish","hentry"],"acf":[],"_links":{"self":[{"href":"https:\/\/lpg-umr6112.fr\/en\/wp-json\/wp\/v2\/pages\/634","targetHints":{"allow":["GET"]}}],"collection":[{"href":"https:\/\/lpg-umr6112.fr\/en\/wp-json\/wp\/v2\/pages"}],"about":[{"href":"https:\/\/lpg-umr6112.fr\/en\/wp-json\/wp\/v2\/types\/page"}],"author":[{"embeddable":true,"href":"https:\/\/lpg-umr6112.fr\/en\/wp-json\/wp\/v2\/users\/1"}],"replies":[{"embeddable":true,"href":"https:\/\/lpg-umr6112.fr\/en\/wp-json\/wp\/v2\/comments?post=634"}],"version-history":[{"count":3,"href":"https:\/\/lpg-umr6112.fr\/en\/wp-json\/wp\/v2\/pages\/634\/revisions"}],"predecessor-version":[{"id":5460,"href":"https:\/\/lpg-umr6112.fr\/en\/wp-json\/wp\/v2\/pages\/634\/revisions\/5460"}],"wp:attachment":[{"href":"https:\/\/lpg-umr6112.fr\/en\/wp-json\/wp\/v2\/media?parent=634"}],"wp:term":[{"taxonomy":"author","embeddable":true,"href":"https:\/\/lpg-umr6112.fr\/en\/wp-json\/wp\/v2\/coauthors?post=634"}],"curies":[{"name":"wp","href":"https:\/\/api.w.org\/{rel}","templated":true}]}}