{"id":11566,"date":"2024-05-22T16:09:25","date_gmt":"2024-05-22T14:09:25","guid":{"rendered":"https:\/\/lpg-umr6112.fr\/conference-les-oceans-caches-des-lunes-de-jupiter-et-saturne-christophe-sotin\/"},"modified":"2024-09-18T16:50:42","modified_gmt":"2024-09-18T14:50:42","slug":"conference-les-oceans-caches-des-lunes-de-jupiter-et-saturne-christophe-sotin","status":"publish","type":"page","link":"https:\/\/lpg-umr6112.fr\/en\/conference-fr-the-hidden-oceans-of-the-moons-of-jupiter-and-saturn-christophe-sotin\/","title":{"rendered":"Conference (FR) &#8211; The hidden oceans of the moons of Jupiter and Saturn &#8211; Christophe Sotin"},"content":{"rendered":"<div class=\"menu-erc-promises-project-container\"><ul id=\"menu-erc-promises-project\" class=\"menu\"><li id=\"menu-item-5969\" class=\"menu-item menu-item-type-post_type menu-item-object-page menu-item-5969\"><a href=\"https:\/\/lpg-umr6112.fr\/en\/erc-promises\/\">Presentation<\/a><\/li>\n<li id=\"menu-item-9955\" class=\"menu-item menu-item-type-post_type menu-item-object-page menu-item-9955\"><a href=\"https:\/\/lpg-umr6112.fr\/en\/news-erc-promises\/\">News ERC Promises<\/a><\/li>\n<li id=\"menu-item-5974\" class=\"menu-item menu-item-type-post_type menu-item-object-page menu-item-5974\"><a href=\"https:\/\/lpg-umr6112.fr\/en\/promises-team-vacancies\/\">Job offers<\/a><\/li>\n<li id=\"menu-item-6252\" class=\"menu-item menu-item-type-post_type menu-item-object-page menu-item-6252\"><a href=\"https:\/\/lpg-umr6112.fr\/en\/proposed-thesis-topic-in-2023\/\">Proposed thesis topic in 2023<\/a><\/li>\n<li id=\"menu-item-6244\" class=\"menu-item menu-item-type-post_type menu-item-object-page menu-item-6244\"><a href=\"https:\/\/lpg-umr6112.fr\/en\/publications-erc-promises-project\/\">Publications<\/a><\/li>\n<li id=\"menu-item-9956\" class=\"menu-item menu-item-type-post_type menu-item-object-page menu-item-9956\"><a href=\"https:\/\/lpg-umr6112.fr\/en\/outreach\/\">Outreach<\/a><\/li>\n<li id=\"menu-item-10607\" class=\"menu-item menu-item-type-custom menu-item-object-custom menu-item-10607\"><a href=\"https:\/\/gitlab.univ-nantes.fr\/promises\">Open data<\/a><\/li>\n<\/ul><\/div>\n\n\n\n<figure class=\"wp-block-embed is-type-video is-provider-youtube wp-block-embed-youtube wp-embed-aspect-16-9 wp-has-aspect-ratio\"><div class=\"wp-block-embed__wrapper\">\n<iframe loading=\"lazy\" title=\"&quot;Les oc\u00e9ans cach\u00e9s des lunes de Jupiter et de Saturne&quot; par  Christophe Sotin - Mus\u00e9um Nantes - 2022\" width=\"500\" height=\"281\" src=\"https:\/\/www.youtube.com\/embed\/a1aF0Ev59T8?feature=oembed\" frameborder=\"0\" allow=\"accelerometer; autoplay; clipboard-write; encrypted-media; gyroscope; picture-in-picture; web-share\" referrerpolicy=\"strict-origin-when-cross-origin\" allowfullscreen><\/iframe>\n<\/div><\/figure>\n\n\n\n<p class=\"has-text-align-center\"><strong>2022 &#8211; Mus\u00e9um d&#8217;Histoire Naturelle de Nantes &#8211; Conference as part of the &#8220;Habitability on the Solar System and beyond&#8221; thematic school.<\/strong><\/p>\n","protected":false},"excerpt":{"rendered":"<p>2022 &#8211; Mus\u00e9um d&#8217;Histoire Naturelle de Nantes &#8211; Conference as part of the &#8220;Habitability on the Solar System and beyond&#8221; thematic school.<\/p>\n","protected":false},"author":3,"featured_media":0,"parent":0,"menu_order":0,"comment_status":"closed","ping_status":"closed","template":"","meta":{"_acf_changed":false,"_price":"","_stock":"","_tribe_ticket_header":"","_tribe_default_ticket_provider":"","_tribe_ticket_capacity":"0","_ticket_start_date":"","_ticket_end_date":"","_tribe_ticket_show_description":"","_tribe_ticket_show_not_going":false,"_tribe_ticket_use_global_stock":"","_tribe_ticket_global_stock_level":"","_global_stock_mode":"","_global_stock_cap":"","_tribe_rsvp_for_event":"","_tribe_ticket_going_count":"","_tribe_ticket_not_going_count":"","_tribe_tickets_list":"[]","_tribe_ticket_has_attendee_info_fields":false,"footnotes":""},"coauthors":[96],"class_list":["post-11566","page","type-page","status-publish","hentry"],"acf":[],"_links":{"self":[{"href":"https:\/\/lpg-umr6112.fr\/en\/wp-json\/wp\/v2\/pages\/11566","targetHints":{"allow":["GET"]}}],"collection":[{"href":"https:\/\/lpg-umr6112.fr\/en\/wp-json\/wp\/v2\/pages"}],"about":[{"href":"https:\/\/lpg-umr6112.fr\/en\/wp-json\/wp\/v2\/types\/page"}],"author":[{"embeddable":true,"href":"https:\/\/lpg-umr6112.fr\/en\/wp-json\/wp\/v2\/users\/3"}],"replies":[{"embeddable":true,"href":"https:\/\/lpg-umr6112.fr\/en\/wp-json\/wp\/v2\/comments?post=11566"}],"version-history":[{"count":1,"href":"https:\/\/lpg-umr6112.fr\/en\/wp-json\/wp\/v2\/pages\/11566\/revisions"}],"predecessor-version":[{"id":13538,"href":"https:\/\/lpg-umr6112.fr\/en\/wp-json\/wp\/v2\/pages\/11566\/revisions\/13538"}],"wp:attachment":[{"href":"https:\/\/lpg-umr6112.fr\/en\/wp-json\/wp\/v2\/media?parent=11566"}],"wp:term":[{"taxonomy":"author","embeddable":true,"href":"https:\/\/lpg-umr6112.fr\/en\/wp-json\/wp\/v2\/coauthors?post=11566"}],"curies":[{"name":"wp","href":"https:\/\/api.w.org\/{rel}","templated":true}]}}